{"id":2405,"date":"2024-12-10T20:34:06","date_gmt":"2024-12-10T20:34:06","guid":{"rendered":"https:\/\/ovs-svo.com\/?page_id=2405"},"modified":"2025-07-25T17:35:41","modified_gmt":"2025-07-25T17:35:41","slug":"nouvelles","status":"publish","type":"page","link":"https:\/\/ovs-svo.com\/fr\/nouvelles\/","title":{"rendered":"Nouvelles"},"content":{"rendered":"<p><div class=\"fusion-fullwidth fullwidth-box fusion-builder-row-1 fusion-flex-container has-pattern-background has-mask-background nonhundred-percent-fullwidth non-hundred-percent-height-scrolling fusion-custom-z-index\" style=\"--awb-border-radius-top-left:0px;--awb-border-radius-top-right:0px;--awb-border-radius-bottom-right:0px;--awb-border-radius-bottom-left:0px;--awb-z-index:4;--awb-background-color:var(--awb-color6);--awb-flex-wrap:wrap;\" ><div class=\"fusion-builder-row fusion-row fusion-flex-align-items-center fusion-flex-justify-content-center fusion-flex-content-wrap\" style=\"max-width:1248px;margin-left: calc(-4% \/ 2 );margin-right: calc(-4% \/ 2 );\"><div class=\"fusion-layout-column fusion_builder_column fusion-builder-column-0 fusion_builder_column_1_1 1_1 fusion-flex-column\" style=\"--awb-padding-top:50px;--awb-padding-bottom:50px;--awb-bg-size:cover;--awb-width-large:100%;--awb-margin-top-large:0px;--awb-spacing-right-large:1.92%;--awb-margin-bottom-large:0px;--awb-spacing-left-large:1.92%;--awb-width-medium:100%;--awb-order-medium:0;--awb-spacing-right-medium:1.92%;--awb-spacing-left-medium:1.92%;--awb-width-small:100%;--awb-order-small:0;--awb-spacing-right-small:1.92%;--awb-spacing-left-small:1.92%;\" data-scroll-devices=\"small-visibility,medium-visibility,large-visibility\"><div class=\"fusion-column-wrapper fusion-column-has-shadow fusion-flex-justify-content-flex-start fusion-content-layout-column\"><div class=\"fusion-image-element \" style=\"text-align:center;--awb-max-width:200px;--awb-caption-title-font-family:var(--h2_typography-font-family);--awb-caption-title-font-weight:var(--h2_typography-font-weight);--awb-caption-title-font-style:var(--h2_typography-font-style);--awb-caption-title-size:var(--h2_typography-font-size);--awb-caption-title-transform:var(--h2_typography-text-transform);--awb-caption-title-line-height:var(--h2_typography-line-height);--awb-caption-title-letter-spacing:var(--h2_typography-letter-spacing);\"><span class=\" fusion-imageframe imageframe-none imageframe-1 hover-type-none\"><img decoding=\"async\" width=\"500\" height=\"500\" alt=\"Ottawa Victim Services logo in all white text\" src=\"data:image\/svg+xml,%3Csvg%20xmlns%3D%27http%3A%2F%2Fwww.w3.org%2F2000%2Fsvg%27%20width%3D%27500%27%20height%3D%27500%27%20viewBox%3D%270%200%20500%20500%27%3E%3Crect%20width%3D%27500%27%20height%3D%27500%27%20fill-opacity%3D%220%22%2F%3E%3C%2Fsvg%3E\" data-orig-src=\"https:\/\/ovs-svo.com\/wp-content\/uploads\/2024\/03\/bilingual-white.svg\" class=\"lazyload img-responsive wp-image-1681\"\/><\/span><\/div><div class=\"fusion-title title fusion-title-1 fusion-sep-none fusion-title-center fusion-title-text fusion-title-size-one\" style=\"--awb-text-color:var(--awb-color1);--awb-margin-top-small:10px;--awb-margin-right-small:0px;--awb-margin-bottom-small:5px;--awb-margin-left-small:0px;\"><h1 class=\"fusion-title-heading title-heading-center\" style=\"margin:0;\">Nouvelles<\/h1><\/div><\/div><\/div><\/div><\/div><div class=\"fusion-fullwidth fullwidth-box fusion-builder-row-2 fusion-flex-container has-pattern-background has-mask-background nonhundred-percent-fullwidth non-hundred-percent-height-scrolling\" style=\"--awb-border-radius-top-left:0px;--awb-border-radius-top-right:0px;--awb-border-radius-bottom-right:0px;--awb-border-radius-bottom-left:0px;--awb-padding-top:0px;--awb-margin-top:30px;--awb-flex-wrap:wrap;\" ><div class=\"fusion-builder-row fusion-row fusion-flex-align-items-flex-start fusion-flex-content-wrap\" style=\"max-width:1248px;margin-left: calc(-4% \/ 2 );margin-right: calc(-4% \/ 2 );\"><div class=\"fusion-layout-column fusion_builder_column fusion-builder-column-1 fusion_builder_column_1_1 1_1 fusion-flex-column\" style=\"--awb-bg-size:cover;--awb-width-large:100%;--awb-margin-top-large:0px;--awb-spacing-right-large:1.92%;--awb-margin-bottom-large:0px;--awb-spacing-left-large:1.92%;--awb-width-medium:100%;--awb-order-medium:0;--awb-spacing-right-medium:1.92%;--awb-spacing-left-medium:1.92%;--awb-width-small:100%;--awb-order-small:0;--awb-spacing-right-small:1.92%;--awb-spacing-left-small:1.92%;\"><div class=\"fusion-column-wrapper fusion-column-has-shadow fusion-flex-justify-content-flex-start fusion-content-layout-column\"><div class=\"fusion-blog-shortcode fusion-blog-shortcode-1 fusion-blog-archive fusion-blog-layout-medium fusion-blog-no\"><div class=\"fusion-posts-container fusion-posts-container-no fusion-blog-rollover\" data-pages=\"0\"><article id=\"blog-1-post-2762\" class=\"fusion-post-medium post-2762 post type-post status-publish format-standard hentry category-non-classifiee\">\n\t<style type=\"text\/css\">\n\t\t\n\t\t\n\t\t\n\t\t\n\t\t\t<\/style>\n\n\n<div class=\"fusion-post-content post-content\"><h2 class=\"blog-shortcode-post-title entry-title\"><a href=\"https:\/\/ovs-svo.com\/fr\/serie-de-trois-webinaires-sur-les-abus-sexuels-entre-freres-et-soeurs-asfs\/\">S\u00e9rie de trois webinaires sur les abus sexuels entre fr\u00e8res et s\u0153urs (ASFS)<\/a><\/h2><div class=\"fusion-post-content-container\"><p>Les Services aux victimes d'Ottawa (SVO), Service familial et counseling Ottawa (SFC Ottawa), et #SiblingsToo, sont heureux d'annoncer une s\u00e9rie de webinaires internationaux bilingues en trois parties sur la question souvent n\u00e9glig\u00e9e des abus sexuels entre fr\u00e8res et s\u0153urs (ASFS). Gr\u00e2ce au financement du minist\u00e8re de la Justice du Canada, cette s\u00e9rie r\u00e9unira des experts, des praticiens, des personnes ayant v\u00e9cu cette exp\u00e9rience et le grand public afin de : Sensibiliser le public aux abus sexuels entre fr\u00e8res et s\u0153urs R\u00e9duire la stigmatisation et encourager un dialogue ouvert Fournir aux professionnels, aux aidants, aux survivants et aux membres de la [...]<\/p><\/div><\/div><div class=\"fusion-clearfix\"><\/div><div class=\"fusion-meta-info\"><div class=\"fusion-alignleft\"><span class=\"vcard\" style=\"display: none;\"><span class=\"fn\"><a href=\"https:\/\/ovs-svo.com\/fr\/author\/annelies\/\" title=\"Articles par Annelies\" rel=\"author\">Annelies<\/a><\/span><\/span><span class=\"updated\" style=\"display:none;\">2025-10-03T17:52:32-04:00<\/span><span>26 ao\u00fbt 2025<\/span><span class=\"fusion-inline-sep\">|<\/span><\/div><div class=\"fusion-alignright\"><a class=\"fusion-read-more\" href=\"https:\/\/ovs-svo.com\/fr\/serie-de-trois-webinaires-sur-les-abus-sexuels-entre-freres-et-soeurs-asfs\/\" aria-label=\"More on S\u00e9rie de trois webinaires sur les abus sexuels entre fr\u00e8res et s\u0153urs (ASFS)\">Read More<\/a><\/div><\/div><\/article>\n<article id=\"blog-1-post-2733\" class=\"fusion-post-medium post-2733 post type-post status-publish format-standard has-post-thumbnail hentry category-non-classifiee\">\n\t<style type=\"text\/css\">\n\t\t\n\t\t\n\t\t\n\t\t\n\t\t\t<\/style>\n\n\n\t\t\t<div class=\"fusion-flexslider flexslider fusion-flexslider-loading fusion-post-slideshow\" style=\"\">\n\t\t<ul class=\"slides\">\n\t\t\t\n\t\t\t\t\t\t\t\t\t\t\t\t\t\t<li><div  class=\"fusion-image-wrapper fusion-image-size-fixed\" aria-haspopup=\"true\">\n\t\t\t\t<img decoding=\"async\" width=\"202\" height=\"202\" src=\"data:image\/svg+xml,%3Csvg%20xmlns%3D%27http%3A%2F%2Fwww.w3.org%2F2000%2Fsvg%27%20width%3D%27500%27%20height%3D%27500%27%20viewBox%3D%270%200%20500%20500%27%3E%3Crect%20width%3D%27500%27%20height%3D%27500%27%20fill-opacity%3D%220%22%2F%3E%3C%2Fsvg%3E\" class=\"attachment-blog-medium size-blog-medium lazyload wp-post-image\" alt=\"\" data-orig-src=\"https:\/\/ovs-svo.com\/wp-content\/uploads\/2024\/03\/bilingual-green.svg\" \/><div class=\"fusion-rollover\">\n\t<div class=\"fusion-rollover-content\">\n\n\t\t\t\t\t\t\t\t\t\t\t\t\t\t<a class=\"fusion-rollover-link\" href=\"https:\/\/ovs-svo.com\/fr\/opportunite-au-sein-du-conseil-dadministration\/\">Opportunit\u00e9 au sein du conseil d\u2019administration<\/a>\n\t\t\t\n\t\t\t\t\t\t\t\t\t\t\t\t\t\t\n\t\t\t\t\t\t\t\t\n\t\t\t\t\t\t\t\t\t\t\t\t\t<div class=\"fusion-rollover-sep\"><\/div>\n\t\t\t\t\n\t\t\t\t\t\t\t\t\t\t\t\t\t\t\t\t\t\t<a class=\"fusion-rollover-gallery\" href=\"https:\/\/ovs-svo.com\/wp-content\/uploads\/2024\/03\/bilingual-green.svg\" data-options=\"\" data-id=\"2733\" data-rel=\"iLightbox[gallery]\" data-title=\"\" data-caption=\"\">\n\t\t\t\t\t\tGallery\t\t\t\t\t<\/a>\n\t\t\t\t\t\t\t\t\t\t\t\t\t\t\n\t\t\n\t\t\t\t\t\t\t\t\t\t\t\t<h4 class=\"fusion-rollover-title\">\n\t\t\t\t\t<a class=\"fusion-rollover-title-link\" href=\"https:\/\/ovs-svo.com\/fr\/opportunite-au-sein-du-conseil-dadministration\/\">\n\t\t\t\t\t\tOpportunit\u00e9 au sein du conseil d\u2019administration\t\t\t\t\t<\/a>\n\t\t\t\t<\/h4>\n\t\t\t\n\t\t\t\t\t\t\t\t\t\t<div class=\"fusion-rollover-categories\"><a href=\"https:\/\/ovs-svo.com\/fr\/category\/non-classifiee\/\" rel=\"tag\">Non classifi\u00e9(e)<\/a><\/div>\t\t\t\t\t\n\t\t\n\t\t\t\t\t\t<a class=\"fusion-link-wrapper\" href=\"https:\/\/ovs-svo.com\/fr\/opportunite-au-sein-du-conseil-dadministration\/\" aria-label=\"Opportunit\u00e9 au sein du conseil d\u2019administration\"><\/a>\n\t<\/div>\n<\/div>\n<\/div>\n<\/li>\n\t\t\t\n\t\t\t\n\t\t\t\t\t\t\t\t\t\t\t\t\t\t\t\t\t\t\t\t\t\t\t\t\t\t\t\t\t\t\t\t\t\t\t\t\t\t\t\t\t\t\t\t\t\t\t\t\t\t\t\t\t\t\t\t\t\t\t\t\t\t\t\t\t\t\t\t<\/ul>\n\t<\/div>\n\t<div class=\"fusion-post-content post-content\"><h2 class=\"blog-shortcode-post-title entry-title\"><a href=\"https:\/\/ovs-svo.com\/fr\/opportunite-au-sein-du-conseil-dadministration\/\">Opportunit\u00e9 au sein du conseil d\u2019administration<\/a><\/h2><div class=\"fusion-post-content-container\"><p>Les Services aux victimes d'Ottawa (SVO) est un organisme communautaire qui offre un soutien \u00e9motionnel, une aide pratique et des r\u00e9f\u00e9rences communautaires aux victimes d'actes criminels et de circonstances tragiques, sans jugement, afin d'att\u00e9nuer l'impact de la victimisation. Les SVO s'engagent \u00e0 traiter les personnes avec courtoisie, compassion et respect pour leur dignit\u00e9, leur vie priv\u00e9e et leur diversit\u00e9. Les clients peuvent acc\u00e9der \u00e0 nos services par l'interm\u00e9diaire des organismes de services communautaires, de la police, des h\u00f4pitaux ou par auto-r\u00e9f\u00e9rence. Nous recherchons actuellement des candidats pour pourvoir des postes au sein de notre conseil d'administration. Nous invitons tout particuli\u00e8rement [...]<\/p><\/div><\/div><div class=\"fusion-clearfix\"><\/div><div class=\"fusion-meta-info\"><div class=\"fusion-alignleft\"><span class=\"vcard\" style=\"display: none;\"><span class=\"fn\"><a href=\"https:\/\/ovs-svo.com\/fr\/author\/annelies\/\" title=\"Articles par Annelies\" rel=\"author\">Annelies<\/a><\/span><\/span><span class=\"updated\" style=\"display:none;\">2025-07-25T15:56:36-04:00<\/span><span>25 juillet 2025<\/span><span class=\"fusion-inline-sep\">|<\/span><\/div><div class=\"fusion-alignright\"><a class=\"fusion-read-more\" href=\"https:\/\/ovs-svo.com\/fr\/opportunite-au-sein-du-conseil-dadministration\/\" aria-label=\"More on Opportunit\u00e9 au sein du conseil d\u2019administration\">Read More<\/a><\/div><\/div><\/article>\n<\/div><\/div><\/div><\/div><\/div><\/div><\/p>\n","protected":false},"excerpt":{"rendered":"","protected":false},"author":1,"featured_media":0,"parent":0,"menu_order":0,"comment_status":"closed","ping_status":"closed","template":"100-width.php","meta":{"_acf_changed":false,"footnotes":""},"class_list":["post-2405","page","type-page","status-publish","hentry"],"acf":[],"yoast_head":"<!-- This site is optimized with the Yoast SEO plugin v27.4 - https:\/\/yoast.com\/product\/yoast-seo-wordpress\/ -->\n<title>Nouvelles - Services aux victimes d\u2019Ottawa<\/title>\n<meta name=\"robots\" content=\"index, follow, max-snippet:-1, max-image-preview:large, max-video-preview:-1\" \/>\n<link rel=\"canonical\" href=\"https:\/\/ovs-svo.com\/fr\/nouvelles\/\" \/>\n<meta property=\"og:locale\" content=\"fr_FR\" \/>\n<meta property=\"og:type\" content=\"article\" \/>\n<meta property=\"og:title\" content=\"Nouvelles - Services aux victimes d\u2019Ottawa\" \/>\n<meta property=\"og:url\" content=\"https:\/\/ovs-svo.com\/fr\/nouvelles\/\" \/>\n<meta property=\"og:site_name\" content=\"Services aux victimes d\u2019Ottawa\" \/>\n<meta property=\"article:publisher\" content=\"https:\/\/www.facebook.com\/OttawaVictimServices\" \/>\n<meta property=\"article:modified_time\" content=\"2025-07-25T17:35:41+00:00\" \/>\n<meta name=\"twitter:card\" content=\"summary_large_image\" \/>\n<meta name=\"twitter:site\" content=\"@OVS_SVO\" \/>\n<meta name=\"twitter:label1\" content=\"Dur\u00e9e de lecture estim\u00e9e\" \/>\n\t<meta name=\"twitter:data1\" content=\"2 minutes\" \/>\n<script type=\"application\/ld+json\" class=\"yoast-schema-graph\">{\"@context\":\"https:\\\/\\\/schema.org\",\"@graph\":[{\"@type\":\"WebPage\",\"@id\":\"https:\\\/\\\/ovs-svo.com\\\/fr\\\/nouvelles\\\/\",\"url\":\"https:\\\/\\\/ovs-svo.com\\\/fr\\\/nouvelles\\\/\",\"name\":\"Nouvelles - Services aux victimes d\u2019Ottawa\",\"isPartOf\":{\"@id\":\"https:\\\/\\\/ovs-svo.com\\\/fr\\\/#website\"},\"datePublished\":\"2024-12-10T20:34:06+00:00\",\"dateModified\":\"2025-07-25T17:35:41+00:00\",\"breadcrumb\":{\"@id\":\"https:\\\/\\\/ovs-svo.com\\\/fr\\\/nouvelles\\\/#breadcrumb\"},\"inLanguage\":\"fr-FR\",\"potentialAction\":[{\"@type\":\"ReadAction\",\"target\":[\"https:\\\/\\\/ovs-svo.com\\\/fr\\\/nouvelles\\\/\"]}]},{\"@type\":\"BreadcrumbList\",\"@id\":\"https:\\\/\\\/ovs-svo.com\\\/fr\\\/nouvelles\\\/#breadcrumb\",\"itemListElement\":[{\"@type\":\"ListItem\",\"position\":1,\"name\":\"Home\",\"item\":\"https:\\\/\\\/ovs-svo.com\\\/fr\\\/\"},{\"@type\":\"ListItem\",\"position\":2,\"name\":\"Nouvelles\"}]},{\"@type\":\"WebSite\",\"@id\":\"https:\\\/\\\/ovs-svo.com\\\/fr\\\/#website\",\"url\":\"https:\\\/\\\/ovs-svo.com\\\/fr\\\/\",\"name\":\"Ottawa Victim Services\",\"description\":\"En cas de crime ou de trag\u00e9die, nous sommes l\u00e0 pour vous.ou.\",\"publisher\":{\"@id\":\"https:\\\/\\\/ovs-svo.com\\\/fr\\\/#organization\"},\"alternateName\":\"OVS\",\"potentialAction\":[{\"@type\":\"SearchAction\",\"target\":{\"@type\":\"EntryPoint\",\"urlTemplate\":\"https:\\\/\\\/ovs-svo.com\\\/fr\\\/?s={search_term_string}\"},\"query-input\":{\"@type\":\"PropertyValueSpecification\",\"valueRequired\":true,\"valueName\":\"search_term_string\"}}],\"inLanguage\":\"fr-FR\"},{\"@type\":\"Organization\",\"@id\":\"https:\\\/\\\/ovs-svo.com\\\/fr\\\/#organization\",\"name\":\"Ottawa Victim Services\",\"alternateName\":\"OVS\",\"url\":\"https:\\\/\\\/ovs-svo.com\\\/fr\\\/\",\"logo\":{\"@type\":\"ImageObject\",\"inLanguage\":\"fr-FR\",\"@id\":\"https:\\\/\\\/ovs-svo.com\\\/fr\\\/#\\\/schema\\\/logo\\\/image\\\/\",\"url\":\"https:\\\/\\\/ovs-svo.com\\\/wp-content\\\/uploads\\\/2024\\\/03\\\/bilingual-green.svg\",\"contentUrl\":\"https:\\\/\\\/ovs-svo.com\\\/wp-content\\\/uploads\\\/2024\\\/03\\\/bilingual-green.svg\",\"width\":500,\"height\":500,\"caption\":\"Ottawa Victim Services\"},\"image\":{\"@id\":\"https:\\\/\\\/ovs-svo.com\\\/fr\\\/#\\\/schema\\\/logo\\\/image\\\/\"},\"sameAs\":[\"https:\\\/\\\/www.facebook.com\\\/OttawaVictimServices\",\"https:\\\/\\\/x.com\\\/OVS_SVO\",\"https:\\\/\\\/www.instagram.com\\\/Ottawavictimservices\\\/\"]}]}<\/script>\n<!-- \/ Yoast SEO plugin. -->","yoast_head_json":{"title":"Nouvelles - Services aux victimes d\u2019Ottawa","robots":{"index":"index","follow":"follow","max-snippet":"max-snippet:-1","max-image-preview":"max-image-preview:large","max-video-preview":"max-video-preview:-1"},"canonical":"https:\/\/ovs-svo.com\/fr\/nouvelles\/","og_locale":"fr_FR","og_type":"article","og_title":"Nouvelles - Services aux victimes d\u2019Ottawa","og_url":"https:\/\/ovs-svo.com\/fr\/nouvelles\/","og_site_name":"Services aux victimes d\u2019Ottawa","article_publisher":"https:\/\/www.facebook.com\/OttawaVictimServices","article_modified_time":"2025-07-25T17:35:41+00:00","twitter_card":"summary_large_image","twitter_site":"@OVS_SVO","twitter_misc":{"Dur\u00e9e de lecture estim\u00e9e":"2 minutes"},"schema":{"@context":"https:\/\/schema.org","@graph":[{"@type":"WebPage","@id":"https:\/\/ovs-svo.com\/fr\/nouvelles\/","url":"https:\/\/ovs-svo.com\/fr\/nouvelles\/","name":"Nouvelles - Services aux victimes d\u2019Ottawa","isPartOf":{"@id":"https:\/\/ovs-svo.com\/fr\/#website"},"datePublished":"2024-12-10T20:34:06+00:00","dateModified":"2025-07-25T17:35:41+00:00","breadcrumb":{"@id":"https:\/\/ovs-svo.com\/fr\/nouvelles\/#breadcrumb"},"inLanguage":"fr-FR","potentialAction":[{"@type":"ReadAction","target":["https:\/\/ovs-svo.com\/fr\/nouvelles\/"]}]},{"@type":"BreadcrumbList","@id":"https:\/\/ovs-svo.com\/fr\/nouvelles\/#breadcrumb","itemListElement":[{"@type":"ListItem","position":1,"name":"Home","item":"https:\/\/ovs-svo.com\/fr\/"},{"@type":"ListItem","position":2,"name":"Nouvelles"}]},{"@type":"WebSite","@id":"https:\/\/ovs-svo.com\/fr\/#website","url":"https:\/\/ovs-svo.com\/fr\/","name":"Ottawa Victim Services","description":"En cas de crime ou de trag\u00e9die, nous sommes l\u00e0 pour vous.ou.","publisher":{"@id":"https:\/\/ovs-svo.com\/fr\/#organization"},"alternateName":"OVS","potentialAction":[{"@type":"SearchAction","target":{"@type":"EntryPoint","urlTemplate":"https:\/\/ovs-svo.com\/fr\/?s={search_term_string}"},"query-input":{"@type":"PropertyValueSpecification","valueRequired":true,"valueName":"search_term_string"}}],"inLanguage":"fr-FR"},{"@type":"Organization","@id":"https:\/\/ovs-svo.com\/fr\/#organization","name":"Ottawa Victim Services","alternateName":"OVS","url":"https:\/\/ovs-svo.com\/fr\/","logo":{"@type":"ImageObject","inLanguage":"fr-FR","@id":"https:\/\/ovs-svo.com\/fr\/#\/schema\/logo\/image\/","url":"https:\/\/ovs-svo.com\/wp-content\/uploads\/2024\/03\/bilingual-green.svg","contentUrl":"https:\/\/ovs-svo.com\/wp-content\/uploads\/2024\/03\/bilingual-green.svg","width":500,"height":500,"caption":"Ottawa Victim Services"},"image":{"@id":"https:\/\/ovs-svo.com\/fr\/#\/schema\/logo\/image\/"},"sameAs":["https:\/\/www.facebook.com\/OttawaVictimServices","https:\/\/x.com\/OVS_SVO","https:\/\/www.instagram.com\/Ottawavictimservices\/"]}]}},"_links":{"self":[{"href":"https:\/\/ovs-svo.com\/fr\/wp-json\/wp\/v2\/pages\/2405","targetHints":{"allow":["GET"]}}],"collection":[{"href":"https:\/\/ovs-svo.com\/fr\/wp-json\/wp\/v2\/pages"}],"about":[{"href":"https:\/\/ovs-svo.com\/fr\/wp-json\/wp\/v2\/types\/page"}],"author":[{"embeddable":true,"href":"https:\/\/ovs-svo.com\/fr\/wp-json\/wp\/v2\/users\/1"}],"replies":[{"embeddable":true,"href":"https:\/\/ovs-svo.com\/fr\/wp-json\/wp\/v2\/comments?post=2405"}],"version-history":[{"count":2,"href":"https:\/\/ovs-svo.com\/fr\/wp-json\/wp\/v2\/pages\/2405\/revisions"}],"predecessor-version":[{"id":2747,"href":"https:\/\/ovs-svo.com\/fr\/wp-json\/wp\/v2\/pages\/2405\/revisions\/2747"}],"wp:attachment":[{"href":"https:\/\/ovs-svo.com\/fr\/wp-json\/wp\/v2\/media?parent=2405"}],"curies":[{"name":"wp","href":"https:\/\/api.w.org\/{rel}","templated":true}]}}