{"id":2290,"date":"2024-09-16T18:51:00","date_gmt":"2024-09-16T22:51:00","guid":{"rendered":"https:\/\/ovs-svo.com\/?page_id=2290"},"modified":"2026-02-03T15:13:26","modified_gmt":"2026-02-03T20:13:26","slug":"merci-pour-votre-signalement","status":"publish","type":"page","link":"https:\/\/ovs-svo.com\/fr\/merci-pour-votre-signalement\/","title":{"rendered":"Merci pour votre signalement. Il a \u00e9t\u00e9 soumis avec succ\u00e8s."},"content":{"rendered":"<p><div class=\"fusion-fullwidth fullwidth-box fusion-builder-row-1 fusion-flex-container has-pattern-background has-mask-background nonhundred-percent-fullwidth non-hundred-percent-height-scrolling\" style=\"--awb-border-radius-top-left:0px;--awb-border-radius-top-right:0px;--awb-border-radius-bottom-right:0px;--awb-border-radius-bottom-left:0px;--awb-background-color:var(--awb-color6);--awb-flex-wrap:wrap;\" ><div class=\"fusion-builder-row fusion-row fusion-flex-align-items-center fusion-flex-justify-content-center fusion-flex-content-wrap\" style=\"max-width:1248px;margin-left: calc(-4% \/ 2 );margin-right: calc(-4% \/ 2 );\"><div class=\"fusion-layout-column fusion_builder_column fusion-builder-column-0 fusion_builder_column_1_1 1_1 fusion-flex-column\" style=\"--awb-padding-top:50px;--awb-padding-bottom:50px;--awb-bg-size:cover;--awb-width-large:100%;--awb-margin-top-large:0px;--awb-spacing-right-large:1.92%;--awb-margin-bottom-large:0px;--awb-spacing-left-large:1.92%;--awb-width-medium:100%;--awb-order-medium:0;--awb-spacing-right-medium:1.92%;--awb-spacing-left-medium:1.92%;--awb-width-small:100%;--awb-order-small:0;--awb-spacing-right-small:1.92%;--awb-spacing-left-small:1.92%;\" data-scroll-devices=\"small-visibility,medium-visibility,large-visibility\"><div class=\"fusion-column-wrapper fusion-column-has-shadow fusion-flex-justify-content-flex-start fusion-content-layout-column\"><div class=\"fusion-image-element \" style=\"text-align:center;--awb-max-width:200px;--awb-caption-title-font-family:var(--h2_typography-font-family);--awb-caption-title-font-weight:var(--h2_typography-font-weight);--awb-caption-title-font-style:var(--h2_typography-font-style);--awb-caption-title-size:var(--h2_typography-font-size);--awb-caption-title-transform:var(--h2_typography-text-transform);--awb-caption-title-line-height:var(--h2_typography-line-height);--awb-caption-title-letter-spacing:var(--h2_typography-letter-spacing);\"><span class=\" fusion-imageframe imageframe-none imageframe-1 hover-type-none\"><img decoding=\"async\" width=\"500\" height=\"500\" alt=\"Ottawa Victim Services logo in all white text\" src=\"data:image\/svg+xml,%3Csvg%20xmlns%3D%27http%3A%2F%2Fwww.w3.org%2F2000%2Fsvg%27%20width%3D%27500%27%20height%3D%27500%27%20viewBox%3D%270%200%20500%20500%27%3E%3Crect%20width%3D%27500%27%20height%3D%27500%27%20fill-opacity%3D%220%22%2F%3E%3C%2Fsvg%3E\" data-orig-src=\"https:\/\/ovs-svo.com\/wp-content\/uploads\/2024\/03\/bilingual-white.svg\" class=\"lazyload img-responsive wp-image-1681\"\/><\/span><\/div><div class=\"fusion-title title fusion-title-1 fusion-sep-none fusion-title-center fusion-title-text fusion-title-size-one\" style=\"--awb-text-color:var(--awb-color1);--awb-margin-top-small:10px;--awb-margin-right-small:0px;--awb-margin-bottom-small:5px;--awb-margin-left-small:0px;\"><h1 class=\"fusion-title-heading title-heading-center\" style=\"margin:0;\">Merci pour votre signalement. Il a \u00e9t\u00e9 soumis avec succ\u00e8s.<\/h1><\/div><\/div><\/div><\/div><\/div>\n<div class=\"fusion-fullwidth fullwidth-box fusion-builder-row-2 fusion-flex-container has-pattern-background has-mask-background nonhundred-percent-fullwidth non-hundred-percent-height-scrolling\" style=\"--awb-border-radius-top-left:0px;--awb-border-radius-top-right:0px;--awb-border-radius-bottom-right:0px;--awb-border-radius-bottom-left:0px;--awb-margin-top:50px;--awb-margin-bottom:50px;--awb-flex-wrap:wrap;\" ><div class=\"fusion-builder-row fusion-row fusion-flex-align-items-flex-start fusion-flex-content-wrap\" style=\"max-width:1248px;margin-left: calc(-4% \/ 2 );margin-right: calc(-4% \/ 2 );\"><div class=\"fusion-layout-column fusion_builder_column fusion-builder-column-1 fusion_builder_column_1_1 1_1 fusion-flex-column\" style=\"--awb-bg-size:cover;--awb-width-large:100%;--awb-margin-top-large:0px;--awb-spacing-right-large:1.92%;--awb-margin-bottom-large:0px;--awb-spacing-left-large:1.92%;--awb-width-medium:100%;--awb-order-medium:0;--awb-spacing-right-medium:1.92%;--awb-spacing-left-medium:1.92%;--awb-width-small:100%;--awb-order-small:0;--awb-spacing-right-small:1.92%;--awb-spacing-left-small:1.92%;\"><div class=\"fusion-column-wrapper fusion-column-has-shadow fusion-flex-justify-content-flex-start fusion-content-layout-column\"><div class=\"fusion-title title fusion-title-2 fusion-sep-none fusion-title-text fusion-title-size-two\" style=\"--awb-text-color:var(--awb-color3);--awb-margin-top-small:10px;--awb-margin-right-small:0px;--awb-margin-bottom-small:5px;--awb-margin-left-small:0px;\"><h2 class=\"fusion-title-heading title-heading-left\" style=\"margin:0;\">Renseignements importants<\/h2><\/div><div class=\"fusion-text fusion-text-1\"><p>Bien que toutes les informations et tous les d\u00e9tails personnels resteront confidentiels, les informations concernant les types d&rsquo;incidents, les groupes cibl\u00e9s et le lieu des incidents pourront \u00eatre partag\u00e9es avec les partenaires communautaires.<\/p>\n<p><strong>Ce formulaire ne remplace pas un rapport officiel de police.<\/strong> Si vous souhaitez ouvrir une enqu\u00eate criminelle, nous vous encourageons \u00e0 contacter directement le Service de police d&rsquo;Ottawa. Le SVO peut vous aider \u00e0 remplir les rapports de police avec le plus grand soin et la plus grande compassion.<\/p>\n<p>Si vous avez des questions de suivi concernant votre signalement ou si vous avez besoin d\u2019aide entre-temps, veuillez communiquer avec <a href=\"mailto:info@ovs-svo.com\">info@ovs-svo.com<\/a>. SVO examinera les signalements et y r\u00e9pondra dans un d\u00e9lai de 2 \u00e0 5 jours ouvrables. Les d\u00e9lais de r\u00e9ponse peuvent varier selon le volume de signalements re\u00e7us et la pr\u00e9sence de coordonn\u00e9es.<\/p>\n<p>En cas de danger imm\u00e9diat,<strong>\u00a0veuillez composer le 911<\/strong>.<\/p>\n<\/div><\/div><\/div><\/div><\/div><div class=\"fusion-fullwidth fullwidth-box fusion-builder-row-3 fusion-flex-container has-pattern-background has-mask-background nonhundred-percent-fullwidth non-hundred-percent-height-scrolling\" style=\"--awb-border-radius-top-left:0px;--awb-border-radius-top-right:0px;--awb-border-radius-bottom-right:0px;--awb-border-radius-bottom-left:0px;--awb-margin-top:50px;--awb-background-color:var(--awb-custom_color_2);--awb-flex-wrap:wrap;\" ><div class=\"fusion-builder-row fusion-row fusion-flex-align-items-flex-start fusion-flex-justify-content-center fusion-flex-content-wrap\" style=\"max-width:1248px;margin-left: calc(-4% \/ 2 );margin-right: calc(-4% \/ 2 );\"><div class=\"fusion-layout-column fusion_builder_column fusion-builder-column-2 fusion-flex-column\" style=\"--awb-padding-top:14px;--awb-padding-bottom:20px;--awb-overflow:hidden;--awb-bg-color:var(--awb-color1);--awb-bg-color-hover:var(--awb-color1);--awb-bg-size:cover;--awb-border-radius:0px 0px 20px 20px;--awb-width-large:80%;--awb-margin-top-large:0px;--awb-spacing-right-large:2.4%;--awb-margin-bottom-large:0px;--awb-spacing-left-large:2.4%;--awb-width-medium:90%;--awb-order-medium:0;--awb-spacing-right-medium:2.1333333333333%;--awb-spacing-left-medium:2.1333333333333%;--awb-width-small:100%;--awb-order-small:0;--awb-spacing-right-small:1.92%;--awb-spacing-left-small:1.92%;\" data-scroll-devices=\"small-visibility,medium-visibility,large-visibility\"><div class=\"fusion-column-wrapper fusion-column-has-shadow fusion-flex-justify-content-flex-start fusion-content-layout-column\"><div class=\"fusion-title title fusion-title-3 fusion-sep-none fusion-title-center fusion-title-text fusion-title-size-two\" style=\"--awb-text-color:var(--awb-color3);--awb-margin-top-small:10px;--awb-margin-right-small:0px;--awb-margin-bottom-small:5px;--awb-margin-left-small:0px;\"><h2 class=\"fusion-title-heading title-heading-center\" style=\"margin:0;\">Obtenir l\u2019aide des Services aux victimes d\u2019Ottawa<\/h2><\/div><\/div><\/div><div class=\"fusion-layout-column fusion_builder_column fusion-builder-column-3 fusion_builder_column_1_1 1_1 fusion-flex-column fusion-flex-align-self-stretch\" style=\"--awb-bg-size:cover;--awb-width-large:100%;--awb-margin-top-large:0px;--awb-spacing-right-large:1.92%;--awb-margin-bottom-large:0px;--awb-spacing-left-large:1.92%;--awb-width-medium:100%;--awb-order-medium:0;--awb-spacing-right-medium:1.92%;--awb-spacing-left-medium:1.92%;--awb-width-small:100%;--awb-order-small:0;--awb-spacing-right-small:1.92%;--awb-spacing-left-small:1.92%;\" data-scroll-devices=\"small-visibility,medium-visibility,large-visibility\"><div class=\"fusion-column-wrapper fusion-column-has-shadow fusion-flex-justify-content-center fusion-content-layout-column\"><div class=\"fusion-content-boxes content-boxes columns row fusion-columns-3 fusion-columns-total-3 fusion-content-boxes-1 content-boxes-clean-vertical content-left content-boxes-icon-on-top has-flex-alignment need-help\" style=\"--awb-alignment:stretch;--awb-title-color:var(--awb-color3);--awb-item-margin-bottom:50px;--awb-hover-accent-color:var(--awb-color3);--awb-circle-hover-accent-color:transparent;\" data-animationOffset=\"top-into-view\"><div style=\"--awb-backgroundcolor:rgba(255,255,255,0);border-color:rgba(255,255,255,0);\" class=\"fusion-column content-box-column content-box-column content-box-column-1 col-lg-4 col-md-4 col-sm-4 fusion-content-box-hover content-box-column-first-in-row\"><div class=\"col content-box-wrapper content-wrapper link-area-link-icon link-type-button-bar content-icon-wrapper-yes icon-hover-animation-fade\" data-animationOffset=\"top-into-view\"><div class=\"heading heading-with-icon icon-left\"><a class=\"heading-link\" href=\"https:\/\/ovs-svo.com\/support-programs-for-victims-of-crime-and-tragedy#vcars\" target=\"_self\"><div aria-hidden=\"true\" class=\"image\"><img decoding=\"async\" class=\"lazyload\" src=\"data:image\/svg+xml,%3Csvg%20xmlns%3D%27http%3A%2F%2Fwww.w3.org%2F2000%2Fsvg%27%20width%3D%27100%27%20height%3D%27100%27%20viewBox%3D%270%200%20100%20100%27%3E%3Crect%20width%3D%27100%27%20height%3D%27100%27%20fill-opacity%3D%220%22%2F%3E%3C%2Fsvg%3E\" data-orig-src=\"https:\/\/ovs-svo.com\/wp-content\/uploads\/2024\/03\/HOME_handshake100x100.svg\" width=\"100\" height=\"100\" alt=\"\" \/><\/div><h2 class=\"content-box-heading\" style=\"--h2_typography-font-size:24px;line-height:29px;\">Soutien peu apr\u00e8s un crime ou une trag\u00e9die<\/h2><\/a><\/div><\/div><\/div><div style=\"--awb-backgroundcolor:rgba(255,255,255,0);border-color:rgba(255,255,255,0);\" class=\"fusion-column content-box-column content-box-column content-box-column-2 col-lg-4 col-md-4 col-sm-4 fusion-content-box-hover \"><div class=\"col content-box-wrapper content-wrapper link-area-link-icon link-type-button-bar content-icon-wrapper-yes icon-hover-animation-fade\" data-animationOffset=\"top-into-view\"><div class=\"heading heading-with-icon icon-left\"><a class=\"heading-link\" href=\"https:\/\/ovs-svo.com\/support-programs-for-victims-of-crime-and-tragedy#vqrp\" target=\"_self\"><div aria-hidden=\"true\" class=\"image\"><img decoding=\"async\" class=\"lazyload\" src=\"data:image\/svg+xml,%3Csvg%20xmlns%3D%27http%3A%2F%2Fwww.w3.org%2F2000%2Fsvg%27%20width%3D%27100%27%20height%3D%27100%27%20viewBox%3D%270%200%20100%20100%27%3E%3Crect%20width%3D%27100%27%20height%3D%27100%27%20fill-opacity%3D%220%22%2F%3E%3C%2Fsvg%3E\" data-orig-src=\"https:\/\/ovs-svo.com\/wp-content\/uploads\/2024\/03\/HOME_money100x100.svg\" width=\"100\" height=\"100\" alt=\"\" \/><\/div><h2 class=\"content-box-heading\" style=\"--h2_typography-font-size:24px;line-height:29px;\">Aide pour couvrir les frais apr\u00e8s un crime ou une trag\u00e9die<\/h2><\/a><\/div><\/div><\/div><div style=\"--awb-backgroundcolor:rgba(255,255,255,0);border-color:rgba(255,255,255,0);\" class=\"fusion-column content-box-column content-box-column content-box-column-3 col-lg-4 col-md-4 col-sm-4 fusion-content-box-hover content-box-column-last content-box-column-last-in-row\"><div class=\"col content-box-wrapper content-wrapper link-area-link-icon link-type-button-bar content-icon-wrapper-yes icon-hover-animation-fade\" data-animationOffset=\"top-into-view\"><div class=\"heading heading-with-icon icon-left\"><a class=\"heading-link\" href=\"https:\/\/ovs-svo.com\/support-programs-for-victims-of-crime-and-tragedy#vscp\" target=\"_self\"><div aria-hidden=\"true\" class=\"image\"><img decoding=\"async\" class=\"lazyload\" src=\"data:image\/svg+xml,%3Csvg%20xmlns%3D%27http%3A%2F%2Fwww.w3.org%2F2000%2Fsvg%27%20width%3D%27100%27%20height%3D%27100%27%20viewBox%3D%270%200%20100%20100%27%3E%3Crect%20width%3D%27100%27%20height%3D%27100%27%20fill-opacity%3D%220%22%2F%3E%3C%2Fsvg%3E\" data-orig-src=\"https:\/\/ovs-svo.com\/wp-content\/uploads\/2024\/03\/HOME_padlock100x100.svg\" width=\"100\" height=\"100\" alt=\"\" \/><\/div><h2 class=\"content-box-heading\" style=\"--h2_typography-font-size:24px;line-height:29px;\">Aide pour se sentir en s\u00e9curit\u00e9 apr\u00e8s un crime<\/h2><\/a><\/div><\/div><\/div><div class=\"fusion-clearfix\"><\/div><\/div><\/div><\/div><\/div><\/div><\/p>\n","protected":false},"excerpt":{"rendered":"","protected":false},"author":1,"featured_media":0,"parent":0,"menu_order":0,"comment_status":"closed","ping_status":"closed","template":"100-width.php","meta":{"_acf_changed":false,"footnotes":""},"class_list":["post-2290","page","type-page","status-publish","hentry"],"acf":[],"yoast_head":"<!-- This site is optimized with the Yoast SEO plugin v27.5 - https:\/\/yoast.com\/product\/yoast-seo-wordpress\/ -->\n<title>Merci pour votre signalement. Il a \u00e9t\u00e9 soumis avec succ\u00e8s. - Services aux victimes d\u2019Ottawa<\/title>\n<meta name=\"robots\" content=\"index, follow, max-snippet:-1, max-image-preview:large, max-video-preview:-1\" \/>\n<link rel=\"canonical\" href=\"https:\/\/ovs-svo.com\/fr\/merci-pour-votre-signalement\/\" \/>\n<meta property=\"og:locale\" content=\"fr_FR\" \/>\n<meta property=\"og:type\" content=\"article\" \/>\n<meta property=\"og:title\" content=\"Merci pour votre signalement. Il a \u00e9t\u00e9 soumis avec succ\u00e8s. - Services aux victimes d\u2019Ottawa\" \/>\n<meta property=\"og:url\" content=\"https:\/\/ovs-svo.com\/fr\/merci-pour-votre-signalement\/\" \/>\n<meta property=\"og:site_name\" content=\"Services aux victimes d\u2019Ottawa\" \/>\n<meta property=\"article:publisher\" content=\"https:\/\/www.facebook.com\/OttawaVictimServices\" \/>\n<meta property=\"article:modified_time\" content=\"2026-02-03T20:13:26+00:00\" \/>\n<meta name=\"twitter:card\" content=\"summary_large_image\" \/>\n<meta name=\"twitter:site\" content=\"@OVS_SVO\" \/>\n<meta name=\"twitter:label1\" content=\"Dur\u00e9e de lecture estim\u00e9e\" \/>\n\t<meta name=\"twitter:data1\" content=\"2 minutes\" \/>\n<script type=\"application\/ld+json\" class=\"yoast-schema-graph\">{\"@context\":\"https:\\\/\\\/schema.org\",\"@graph\":[{\"@type\":\"WebPage\",\"@id\":\"https:\\\/\\\/ovs-svo.com\\\/fr\\\/merci-pour-votre-signalement\\\/\",\"url\":\"https:\\\/\\\/ovs-svo.com\\\/fr\\\/merci-pour-votre-signalement\\\/\",\"name\":\"Merci pour votre signalement. Il a \u00e9t\u00e9 soumis avec succ\u00e8s. - Services aux victimes d\u2019Ottawa\",\"isPartOf\":{\"@id\":\"https:\\\/\\\/ovs-svo.com\\\/fr\\\/#website\"},\"datePublished\":\"2024-09-16T22:51:00+00:00\",\"dateModified\":\"2026-02-03T20:13:26+00:00\",\"breadcrumb\":{\"@id\":\"https:\\\/\\\/ovs-svo.com\\\/fr\\\/merci-pour-votre-signalement\\\/#breadcrumb\"},\"inLanguage\":\"fr-FR\",\"potentialAction\":[{\"@type\":\"ReadAction\",\"target\":[\"https:\\\/\\\/ovs-svo.com\\\/fr\\\/merci-pour-votre-signalement\\\/\"]}]},{\"@type\":\"BreadcrumbList\",\"@id\":\"https:\\\/\\\/ovs-svo.com\\\/fr\\\/merci-pour-votre-signalement\\\/#breadcrumb\",\"itemListElement\":[{\"@type\":\"ListItem\",\"position\":1,\"name\":\"Home\",\"item\":\"https:\\\/\\\/ovs-svo.com\\\/fr\\\/\"},{\"@type\":\"ListItem\",\"position\":2,\"name\":\"Merci pour votre signalement. Il a \u00e9t\u00e9 soumis avec succ\u00e8s.\"}]},{\"@type\":\"WebSite\",\"@id\":\"https:\\\/\\\/ovs-svo.com\\\/fr\\\/#website\",\"url\":\"https:\\\/\\\/ovs-svo.com\\\/fr\\\/\",\"name\":\"Ottawa Victim Services\",\"description\":\"En cas de crime ou de trag\u00e9die, nous sommes l\u00e0 pour vous.ou.\",\"publisher\":{\"@id\":\"https:\\\/\\\/ovs-svo.com\\\/fr\\\/#organization\"},\"alternateName\":\"OVS\",\"potentialAction\":[{\"@type\":\"SearchAction\",\"target\":{\"@type\":\"EntryPoint\",\"urlTemplate\":\"https:\\\/\\\/ovs-svo.com\\\/fr\\\/?s={search_term_string}\"},\"query-input\":{\"@type\":\"PropertyValueSpecification\",\"valueRequired\":true,\"valueName\":\"search_term_string\"}}],\"inLanguage\":\"fr-FR\"},{\"@type\":\"Organization\",\"@id\":\"https:\\\/\\\/ovs-svo.com\\\/fr\\\/#organization\",\"name\":\"Ottawa Victim Services\",\"alternateName\":\"OVS\",\"url\":\"https:\\\/\\\/ovs-svo.com\\\/fr\\\/\",\"logo\":{\"@type\":\"ImageObject\",\"inLanguage\":\"fr-FR\",\"@id\":\"https:\\\/\\\/ovs-svo.com\\\/fr\\\/#\\\/schema\\\/logo\\\/image\\\/\",\"url\":\"https:\\\/\\\/ovs-svo.com\\\/wp-content\\\/uploads\\\/2024\\\/03\\\/bilingual-green.svg\",\"contentUrl\":\"https:\\\/\\\/ovs-svo.com\\\/wp-content\\\/uploads\\\/2024\\\/03\\\/bilingual-green.svg\",\"width\":500,\"height\":500,\"caption\":\"Ottawa Victim Services\"},\"image\":{\"@id\":\"https:\\\/\\\/ovs-svo.com\\\/fr\\\/#\\\/schema\\\/logo\\\/image\\\/\"},\"sameAs\":[\"https:\\\/\\\/www.facebook.com\\\/OttawaVictimServices\",\"https:\\\/\\\/x.com\\\/OVS_SVO\",\"https:\\\/\\\/www.instagram.com\\\/Ottawavictimservices\\\/\"]}]}<\/script>\n<!-- \/ Yoast SEO plugin. -->","yoast_head_json":{"title":"Merci pour votre signalement. Il a \u00e9t\u00e9 soumis avec succ\u00e8s. - Services aux victimes d\u2019Ottawa","robots":{"index":"index","follow":"follow","max-snippet":"max-snippet:-1","max-image-preview":"max-image-preview:large","max-video-preview":"max-video-preview:-1"},"canonical":"https:\/\/ovs-svo.com\/fr\/merci-pour-votre-signalement\/","og_locale":"fr_FR","og_type":"article","og_title":"Merci pour votre signalement. Il a \u00e9t\u00e9 soumis avec succ\u00e8s. - Services aux victimes d\u2019Ottawa","og_url":"https:\/\/ovs-svo.com\/fr\/merci-pour-votre-signalement\/","og_site_name":"Services aux victimes d\u2019Ottawa","article_publisher":"https:\/\/www.facebook.com\/OttawaVictimServices","article_modified_time":"2026-02-03T20:13:26+00:00","twitter_card":"summary_large_image","twitter_site":"@OVS_SVO","twitter_misc":{"Dur\u00e9e de lecture estim\u00e9e":"2 minutes"},"schema":{"@context":"https:\/\/schema.org","@graph":[{"@type":"WebPage","@id":"https:\/\/ovs-svo.com\/fr\/merci-pour-votre-signalement\/","url":"https:\/\/ovs-svo.com\/fr\/merci-pour-votre-signalement\/","name":"Merci pour votre signalement. Il a \u00e9t\u00e9 soumis avec succ\u00e8s. - Services aux victimes d\u2019Ottawa","isPartOf":{"@id":"https:\/\/ovs-svo.com\/fr\/#website"},"datePublished":"2024-09-16T22:51:00+00:00","dateModified":"2026-02-03T20:13:26+00:00","breadcrumb":{"@id":"https:\/\/ovs-svo.com\/fr\/merci-pour-votre-signalement\/#breadcrumb"},"inLanguage":"fr-FR","potentialAction":[{"@type":"ReadAction","target":["https:\/\/ovs-svo.com\/fr\/merci-pour-votre-signalement\/"]}]},{"@type":"BreadcrumbList","@id":"https:\/\/ovs-svo.com\/fr\/merci-pour-votre-signalement\/#breadcrumb","itemListElement":[{"@type":"ListItem","position":1,"name":"Home","item":"https:\/\/ovs-svo.com\/fr\/"},{"@type":"ListItem","position":2,"name":"Merci pour votre signalement. Il a \u00e9t\u00e9 soumis avec succ\u00e8s."}]},{"@type":"WebSite","@id":"https:\/\/ovs-svo.com\/fr\/#website","url":"https:\/\/ovs-svo.com\/fr\/","name":"Ottawa Victim Services","description":"En cas de crime ou de trag\u00e9die, nous sommes l\u00e0 pour vous.ou.","publisher":{"@id":"https:\/\/ovs-svo.com\/fr\/#organization"},"alternateName":"OVS","potentialAction":[{"@type":"SearchAction","target":{"@type":"EntryPoint","urlTemplate":"https:\/\/ovs-svo.com\/fr\/?s={search_term_string}"},"query-input":{"@type":"PropertyValueSpecification","valueRequired":true,"valueName":"search_term_string"}}],"inLanguage":"fr-FR"},{"@type":"Organization","@id":"https:\/\/ovs-svo.com\/fr\/#organization","name":"Ottawa Victim Services","alternateName":"OVS","url":"https:\/\/ovs-svo.com\/fr\/","logo":{"@type":"ImageObject","inLanguage":"fr-FR","@id":"https:\/\/ovs-svo.com\/fr\/#\/schema\/logo\/image\/","url":"https:\/\/ovs-svo.com\/wp-content\/uploads\/2024\/03\/bilingual-green.svg","contentUrl":"https:\/\/ovs-svo.com\/wp-content\/uploads\/2024\/03\/bilingual-green.svg","width":500,"height":500,"caption":"Ottawa Victim Services"},"image":{"@id":"https:\/\/ovs-svo.com\/fr\/#\/schema\/logo\/image\/"},"sameAs":["https:\/\/www.facebook.com\/OttawaVictimServices","https:\/\/x.com\/OVS_SVO","https:\/\/www.instagram.com\/Ottawavictimservices\/"]}]}},"_links":{"self":[{"href":"https:\/\/ovs-svo.com\/fr\/wp-json\/wp\/v2\/pages\/2290","targetHints":{"allow":["GET"]}}],"collection":[{"href":"https:\/\/ovs-svo.com\/fr\/wp-json\/wp\/v2\/pages"}],"about":[{"href":"https:\/\/ovs-svo.com\/fr\/wp-json\/wp\/v2\/types\/page"}],"author":[{"embeddable":true,"href":"https:\/\/ovs-svo.com\/fr\/wp-json\/wp\/v2\/users\/1"}],"replies":[{"embeddable":true,"href":"https:\/\/ovs-svo.com\/fr\/wp-json\/wp\/v2\/comments?post=2290"}],"version-history":[{"count":4,"href":"https:\/\/ovs-svo.com\/fr\/wp-json\/wp\/v2\/pages\/2290\/revisions"}],"predecessor-version":[{"id":3063,"href":"https:\/\/ovs-svo.com\/fr\/wp-json\/wp\/v2\/pages\/2290\/revisions\/3063"}],"wp:attachment":[{"href":"https:\/\/ovs-svo.com\/fr\/wp-json\/wp\/v2\/media?parent=2290"}],"curies":[{"name":"wp","href":"https:\/\/api.w.org\/{rel}","templated":true}]}}